{"id":50,"date":"2019-12-12T15:33:09","date_gmt":"2019-12-12T14:33:09","guid":{"rendered":"https:\/\/www.wbw-weener.de\/?page_id=50"},"modified":"2026-03-31T17:25:16","modified_gmt":"2026-03-31T15:25:16","slug":"wbw-gmbh","status":"publish","type":"page","link":"https:\/\/www.wbw-weener.de\/?page_id=50","title":{"rendered":"\u00dcber uns"},"content":{"rendered":"\t\t<div data-elementor-type=\"wp-page\" data-elementor-id=\"50\" class=\"elementor elementor-50\" data-elementor-post-type=\"page\">\n\t\t\t\t\t\t<section class=\"elementor-section elementor-top-section elementor-element elementor-element-18f8192 elementor-section-boxed elementor-section-height-default elementor-section-height-default\" data-id=\"18f8192\" data-element_type=\"section\" data-e-type=\"section\">\n\t\t\t\t\t\t<div class=\"elementor-container elementor-column-gap-default\">\n\t\t\t\t\t<div class=\"elementor-column elementor-col-100 elementor-top-column elementor-element elementor-element-6e7b281\" data-id=\"6e7b281\" data-element_type=\"column\" data-e-type=\"column\">\n\t\t\t<div class=\"elementor-widget-wrap elementor-element-populated\">\n\t\t\t\t\t\t<div class=\"elementor-element elementor-element-8739cfe elementor-widget elementor-widget-heading\" data-id=\"8739cfe\" data-element_type=\"widget\" data-e-type=\"widget\" data-widget_type=\"heading.default\">\n\t\t\t\t<div class=\"elementor-widget-container\">\n\t\t\t\t\t<h2 class=\"elementor-heading-title elementor-size-default\">WBW GMBH\n<\/h2>\t\t\t\t<\/div>\n\t\t\t\t<\/div>\n\t\t\t\t<div class=\"elementor-element elementor-element-99649ec elementor-widget elementor-widget-text-editor\" data-id=\"99649ec\" data-element_type=\"widget\" data-e-type=\"widget\" data-widget_type=\"text-editor.default\">\n\t\t\t\t<div class=\"elementor-widget-container\">\n\t\t\t\t\t\t\t\t\t<p><img fetchpriority=\"high\" decoding=\"async\" class=\"wp-image-526 size-full alignleft\" src=\"https:\/\/www.wbw-weener.de\/wp-content\/uploads\/2020\/01\/Unternehmen_Luftaufnahme.jpg\" alt=\"\" width=\"615\" height=\"245\" srcset=\"https:\/\/www.wbw-weener.de\/wp-content\/uploads\/2020\/01\/Unternehmen_Luftaufnahme.jpg 615w, https:\/\/www.wbw-weener.de\/wp-content\/uploads\/2020\/01\/Unternehmen_Luftaufnahme-300x120.jpg 300w\" sizes=\"(max-width: 615px) 100vw, 615px\" \/>Die WBW GmbH (Wildeboer-Bau-Weener) ist ein mittelst\u00e4ndisches familiengef\u00fchrtes Tiefbau\u00adunternehmen in Weener im Rheiderland nahe der holl\u00e4ndischen Grenze.<\/p><p>Seit 1939 sind wir ein verl\u00e4sslicher Partner f\u00fcr den Bau und die Erhaltung \u00f6ffentlicher Versor\u00adgungsnetze in der Region zwischen Weser und Ems mit ca. 100 Mitarbeitern. F\u00fcr die grabenlose Neuverlegung wurde 1996 die erste Horizon\u00adtal\u00adbohranlage angeschafft und seitdem wurde der Maschinenpark st\u00e4tig erweitert.<\/p><p>Zu unserem Unternehmensverbund z\u00e4hlt die\u00a0<span style=\"color: #ff0000;\"><a style=\"color: #ff0000;\" href=\"http:\/\/www.wildeboer.de\/\" target=\"_blank\" rel=\"noopener\">Wildeboer Bauteile GmbH<\/a><\/span>, ein Hersteller von Bauteilen f\u00fcr Brandschutz, Schallschutz, Luftver\u00adteilung und Geb\u00e4udesystemtechnik.<\/p>\t\t\t\t\t\t\t\t<\/div>\n\t\t\t\t<\/div>\n\t\t\t\t\t<\/div>\n\t\t<\/div>\n\t\t\t\t\t<\/div>\n\t\t<\/section>\n\t\t\t\t<\/div>\n\t\t","protected":false},"excerpt":{"rendered":"<p>WBW GMBH Die WBW GmbH (Wildeboer-Bau-Weener) ist ein mittelst\u00e4ndisches familiengef\u00fchrtes Tiefbau\u00adunternehmen in Weener im Rheiderland nahe der holl\u00e4ndischen Grenze. Seit 1939 sind wir ein verl\u00e4sslicher Partner f\u00fcr den Bau und die Erhaltung \u00f6ffentlicher Versor\u00adgungsnetze in der Region zwischen Weser und Ems mit ca. 100 Mitarbeitern. F\u00fcr die grabenlose Neuverlegung wurde 1996 die erste Horizon\u00adtal\u00adbohranlage angeschafft [&hellip;] &#8230; <a href=\"https:\/\/www.wbw-weener.de\/?page_id=50\" class=\"weiterlesen-link\">weiterlesen<\/a><\/p>\n","protected":false},"author":1,"featured_media":0,"parent":0,"menu_order":2,"comment_status":"closed","ping_status":"closed","template":"","meta":{"_acf_changed":false,"site-sidebar-layout":"no-sidebar","site-content-layout":"page-builder","ast-site-content-layout":"default","site-content-style":"default","site-sidebar-style":"default","ast-global-header-display":"","ast-banner-title-visibility":"","ast-main-header-display":"","ast-hfb-above-header-display":"","ast-hfb-below-header-display":"","ast-hfb-mobile-header-display":"","site-post-title":"disabled","ast-breadcrumbs-content":"","ast-featured-img":"disabled","footer-sml-layout":"","ast-disable-related-posts":"","theme-transparent-header-meta":"default","adv-header-id-meta":"","stick-header-meta":"default","header-above-stick-meta":"","header-main-stick-meta":"","header-below-stick-meta":"","astra-migrate-meta-layouts":"default","ast-page-background-enabled":"default","ast-page-background-meta":{"desktop":{"background-color":"","background-image":"","background-repeat":"repeat","background-position":"center center","background-size":"auto","background-attachment":"scroll","background-type":"","background-media":"","overlay-type":"","overlay-color":"","overlay-opacity":"","overlay-gradient":""},"tablet":{"background-color":"","background-image":"","background-repeat":"repeat","background-position":"center center","background-size":"auto","background-attachment":"scroll","background-type":"","background-media":"","overlay-type":"","overlay-color":"","overlay-opacity":"","overlay-gradient":""},"mobile":{"background-color":"","background-image":"","background-repeat":"repeat","background-position":"center center","background-size":"auto","background-attachment":"scroll","background-type":"","background-media":"","overlay-type":"","overlay-color":"","overlay-opacity":"","overlay-gradient":""}},"ast-content-background-meta":{"desktop":{"background-color":"var(--ast-global-color-5)","background-image":"","background-repeat":"repeat","background-position":"center center","background-size":"auto","background-attachment":"scroll","background-type":"","background-media":"","overlay-type":"","overlay-color":"","overlay-opacity":"","overlay-gradient":""},"tablet":{"background-color":"var(--ast-global-color-5)","background-image":"","background-repeat":"repeat","background-position":"center center","background-size":"auto","background-attachment":"scroll","background-type":"","background-media":"","overlay-type":"","overlay-color":"","overlay-opacity":"","overlay-gradient":""},"mobile":{"background-color":"var(--ast-global-color-5)","background-image":"","background-repeat":"repeat","background-position":"center center","background-size":"auto","background-attachment":"scroll","background-type":"","background-media":"","overlay-type":"","overlay-color":"","overlay-opacity":"","overlay-gradient":""}},"footnotes":""},"class_list":["post-50","page","type-page","status-publish","hentry"],"acf":[],"_links":{"self":[{"href":"https:\/\/www.wbw-weener.de\/index.php?rest_route=\/wp\/v2\/pages\/50","targetHints":{"allow":["GET"]}}],"collection":[{"href":"https:\/\/www.wbw-weener.de\/index.php?rest_route=\/wp\/v2\/pages"}],"about":[{"href":"https:\/\/www.wbw-weener.de\/index.php?rest_route=\/wp\/v2\/types\/page"}],"author":[{"embeddable":true,"href":"https:\/\/www.wbw-weener.de\/index.php?rest_route=\/wp\/v2\/users\/1"}],"replies":[{"embeddable":true,"href":"https:\/\/www.wbw-weener.de\/index.php?rest_route=%2Fwp%2Fv2%2Fcomments&post=50"}],"version-history":[{"count":20,"href":"https:\/\/www.wbw-weener.de\/index.php?rest_route=\/wp\/v2\/pages\/50\/revisions"}],"predecessor-version":[{"id":2569,"href":"https:\/\/www.wbw-weener.de\/index.php?rest_route=\/wp\/v2\/pages\/50\/revisions\/2569"}],"wp:attachment":[{"href":"https:\/\/www.wbw-weener.de\/index.php?rest_route=%2Fwp%2Fv2%2Fmedia&parent=50"}],"curies":[{"name":"wp","href":"https:\/\/api.w.org\/{rel}","templated":true}]}}